{"id":1741,"date":"2016-10-27T10:46:08","date_gmt":"2016-10-27T02:46:08","guid":{"rendered":"http:\/\/www.world-war-d.com\/?post_type=product&#038;p=1741"},"modified":"2025-12-21T06:45:14","modified_gmt":"2025-12-20T22:45:14","slug":"world-war-d-the-case-against-prohibitionism-roadmap-to-controlled-re-legalization","status":"publish","type":"product","link":"https:\/\/www.world-war-d.com\/fr\/product\/world-war-d-the-case-against-prohibitionism-roadmap-to-controlled-re-legalization\/","title":{"rendered":"World War D: The Case against prohibitionism, roadmap to controlled re-legalization"},"content":{"rendered":"<h1>War on Drugs, prohibitionism, Drug policy reform:<\/h1>\n<h2>Understand the problem, explore the solutions<\/h2>\n<p>\u201cWorld War D \u2013 The Case against prohibitionism, roadmap to controlled re-legalization\u201d<\/p>\n<ul>\n<li><img loading=\"lazy\" decoding=\"async\" class=\"alignleft size-medium wp-image-1714\" src=\"http:\/\/www.world-war-d.com\/wp-content\/uploads\/2016\/10\/cropped-WWD_cover-ML-810x1223-1-300x300.jpg\" alt=\"World War D\" width=\"300\" height=\"300\" srcset=\"https:\/\/www.world-war-d.com\/wp-content\/uploads\/2016\/10\/cropped-WWD_cover-ML-810x1223-1-300x300.jpg 300w, https:\/\/www.world-war-d.com\/wp-content\/uploads\/2016\/10\/cropped-WWD_cover-ML-810x1223-1-150x150.jpg 150w, https:\/\/www.world-war-d.com\/wp-content\/uploads\/2016\/10\/cropped-WWD_cover-ML-810x1223-1-148x148.jpg 148w, https:\/\/www.world-war-d.com\/wp-content\/uploads\/2016\/10\/cropped-WWD_cover-ML-810x1223-1-31x31.jpg 31w, https:\/\/www.world-war-d.com\/wp-content\/uploads\/2016\/10\/cropped-WWD_cover-ML-810x1223-1-38x38.jpg 38w, https:\/\/www.world-war-d.com\/wp-content\/uploads\/2016\/10\/cropped-WWD_cover-ML-810x1223-1-215x215.jpg 215w, https:\/\/www.world-war-d.com\/wp-content\/uploads\/2016\/10\/cropped-WWD_cover-ML-810x1223-1-250x250.jpg 250w, https:\/\/www.world-war-d.com\/wp-content\/uploads\/2016\/10\/cropped-WWD_cover-ML-810x1223-1-270x270.jpg 270w, https:\/\/www.world-war-d.com\/wp-content\/uploads\/2016\/10\/cropped-WWD_cover-ML-810x1223-1-192x192.jpg 192w, https:\/\/www.world-war-d.com\/wp-content\/uploads\/2016\/10\/cropped-WWD_cover-ML-810x1223-1-180x180.jpg 180w, https:\/\/www.world-war-d.com\/wp-content\/uploads\/2016\/10\/cropped-WWD_cover-ML-810x1223-1-32x32.jpg 32w, https:\/\/www.world-war-d.com\/wp-content\/uploads\/2016\/10\/cropped-WWD_cover-ML-810x1223-1.jpg 512w\" sizes=\"auto, (max-width: 300px) 85vw, 300px\" \/>The reference book on the War on Drugs and prohibitionism<\/li>\n<li>A guide to psychoactive substances and substance abuse<\/li>\n<li>A pragmatic blueprint for global drug policy reform and controlled legalization<\/li>\n<\/ul>\n<p>\u201c<strong>Guerre mondiale-D<\/strong>\u201drecentre et recentre le probl\u00e8me autour d'une question simple mais fondamentale : \u201cLes soci\u00e9t\u00e9s organis\u00e9es peuvent-elles mieux g\u00e9rer et contr\u00f4ler les substances psychoactives que le crime organis\u00e9 ? Je pense \u00e9videmment que oui, et j'explique pourquoi et comment.<\/p>\n<p>\u201c<strong>Guerre mondiale-D<\/strong>\u201dest le premier ouvrage \u00e0 pr\u00e9senter l'une des questions les plus controvers\u00e9es de notre \u00e9poque d'une mani\u00e8re compl\u00e8te et accessible, sans \u00eatre simpliste. Il examine toutes les facettes de la question d'un point de vue global, en la repla\u00e7ant dans le contexte plus large et plus pertinent des substances psychoactives.<\/p>\n<p>\u201c<strong>Guerre des drogues-D<\/strong>\u201dpropose une critique raisonn\u00e9e du mod\u00e8le prohibitionniste et de l'id\u00e9ologie qui le sous-tend, avec son contexte historique et culturel. Il d\u00e9montre clairement que la prohibition est la pire forme de contr\u00f4le possible, car les soi-disant \u201csubstances contr\u00f4l\u00e9es\u201d sont effectivement hors de contr\u00f4le, ou plut\u00f4t, elles sont contr\u00f4l\u00e9es par la p\u00e8gre, \u00e0 un co\u00fbt humain, social, \u00e9conomique et g\u00e9opolitique stup\u00e9fiant et sans cesse croissant pour le monde.<\/p>\n<p>\u201c<strong>Guerre des drogues-D<\/strong>\u201dC'est le premier livre qui aborde de front la question de la l\u00e9galisation, en proposant une feuille de route pragmatique, pratique et r\u00e9aliste pour une re-l\u00e9galisation globale et contr\u00f4l\u00e9e de la production, de la distribution et de l'usage des substances psychoactives dans le cadre d'un r\u00e9gime \u00e0 plusieurs niveaux \u201cl\u00e9galiser, taxer, contr\u00f4ler, pr\u00e9venir, traiter et \u00e9duquer\u201d, avec des m\u00e9canismes pratiques et efficaces pour g\u00e9rer et minimiser les co\u00fbts soci\u00e9taux. Loin d'\u00eatre un renoncement et loin d'\u00eatre une approbation, la l\u00e9galisation contr\u00f4l\u00e9e serait enfin une croissance, un r\u00e9alisme au lieu d'un d\u00e9ni, un contr\u00f4le au lieu de laisser le contr\u00f4le \u00e0 la p\u00e8gre. Elle abolirait le r\u00e9gime actuel de socialisation des co\u00fbts et de privatisation des profits des entreprises criminelles, les privant ainsi de leur principale source de revenus et rendant notre monde plus s\u00fbr.<\/p>","protected":false},"excerpt":{"rendered":"<p>Order your copy\u00a0of World War D available in 3 variations:<\/p>\n<ul>\n<li>EBook &#8211; PDF at reduced price of $9.99<\/li>\n<li>Paperback: 448 p. 6&#215;9 &#8211; Discounted price $14.99<\/li>\n<li>Paperback: 448 p. 6&#215;9 signed copy &#8211; Regular price $19.99<\/li>\n<\/ul>\n<p>Please select your option<\/p>","protected":false},"featured_media":138,"comment_status":"open","ping_status":"closed","template":"","meta":[],"product_brand":[],"product_cat":[185],"product_tag":[29,161,158,36,37,165,24,38,134,156,45,30,43,35,160,28,27,44,33,162,159,153,155,157,152,150],"class_list":{"0":"post-1741","1":"product","2":"type-product","3":"status-publish","4":"has-post-thumbnail","6":"product_cat-uncategorized","7":"product_tag-addiction","8":"product_tag-amphetamines","9":"product_tag-cannabis","10":"product_tag-coca-leaf","11":"product_tag-cocaine","12":"product_tag-controlled-legalization","13":"product_tag-controlled-re-legalization","14":"product_tag-crack-cocaine","15":"product_tag-drug-policy-reform-3","16":"product_tag-drug-prohibition","17":"product_tag-ecstasy","18":"product_tag-entheogen","19":"product_tag-hallucinogens","20":"product_tag-hashish","21":"product_tag-heroin","22":"product_tag-illegal-drugs","23":"product_tag-illicit-drugs","24":"product_tag-lsd","25":"product_tag-marijuana","26":"product_tag-methamphetamines","27":"product_tag-opium","28":"product_tag-prohibitionism","29":"product_tag-psychoactive-substances","30":"product_tag-war-on-drugs","31":"product_tag-war-on-drugs-failure","32":"product_tag-world-war-d","34":"first","35":"instock","36":"sale","37":"shipping-taxable","38":"purchasable","39":"product-type-variable","40":"has-default-attributes"},"aioseo_notices":[],"jetpack_sharing_enabled":true,"_links":{"self":[{"href":"https:\/\/www.world-war-d.com\/fr\/wp-json\/wp\/v2\/product\/1741","targetHints":{"allow":["GET"]}}],"collection":[{"href":"https:\/\/www.world-war-d.com\/fr\/wp-json\/wp\/v2\/product"}],"about":[{"href":"https:\/\/www.world-war-d.com\/fr\/wp-json\/wp\/v2\/types\/product"}],"replies":[{"embeddable":true,"href":"https:\/\/www.world-war-d.com\/fr\/wp-json\/wp\/v2\/comments?post=1741"}],"wp:featuredmedia":[{"embeddable":true,"href":"https:\/\/www.world-war-d.com\/fr\/wp-json\/wp\/v2\/media\/138"}],"wp:attachment":[{"href":"https:\/\/www.world-war-d.com\/fr\/wp-json\/wp\/v2\/media?parent=1741"}],"wp:term":[{"taxonomy":"product_brand","embeddable":true,"href":"https:\/\/www.world-war-d.com\/fr\/wp-json\/wp\/v2\/product_brand?post=1741"},{"taxonomy":"product_cat","embeddable":true,"href":"https:\/\/www.world-war-d.com\/fr\/wp-json\/wp\/v2\/product_cat?post=1741"},{"taxonomy":"product_tag","embeddable":true,"href":"https:\/\/www.world-war-d.com\/fr\/wp-json\/wp\/v2\/product_tag?post=1741"}],"curies":[{"name":"wp","href":"https:\/\/api.w.org\/{rel}","templated":true}]}}