{"id":913,"date":"2016-10-12T00:30:35","date_gmt":"2016-10-11T16:30:35","guid":{"rendered":"http:\/\/www.world-war-d.com\/?page_id=913"},"modified":"2016-10-16T04:27:28","modified_gmt":"2016-10-15T20:27:28","slug":"free-42-pages-excerpts-mc","status":"publish","type":"page","link":"https:\/\/www.world-war-d.com\/fr\/free-42-pages-excerpts-mc\/","title":{"rendered":"Free 50-pages excerpts"},"content":{"rendered":"<p>Get a flavor of World War-D when you download this 50 pages excerpt.<br \/>\n<!-- Begin MailChimp Signup Form --><\/p>\n<div id=\"mc_embed_signup\">\n<form id=\"mc-embedded-subscribe-form\" class=\"validate\" action=\"http:\/\/world-war-d.us4.list-manage.com\/subscribe\/post?u=25396d52c96e8375ca65e3587&amp;id=3924feedf5\" method=\"post\" name=\"mc-embedded-subscribe-form\" target=\"_blank\">\n<div class=\"indicates-required\"><span class=\"asterisk\">*<\/span> indicates required<\/div>\n<div class=\"mc-field-group\"><label for=\"mce-NAME\">Name <span class=\"asterisk\">*\u00a0<\/span><\/label><input id=\"mce-NAME\" class=\"required\" name=\"NAME\" type=\"text\" value=\"\" \/><\/div>\n<div class=\"mc-field-group\"><label for=\"mce-EMAIL\">Email <span class=\"asterisk\">*\u00a0<\/span><\/label><input id=\"mce-EMAIL\" class=\"required email\" name=\"EMAIL\" type=\"email\" value=\"\" \/><\/div>\n<div id=\"mce-responses\" class=\"clear\"><\/div>\n<div class=\"clear\"><input id=\"mc-embedded-subscribe\" class=\"button\" name=\"subscribe\" type=\"submit\" value=\"Subscribe\" \/><\/div>\n<\/form>\n<\/div>\n<p><!--End mc_embed_signup--><\/p>\n<p>See what readers and drug policy experts are saying about World War-D:<\/p>\n<p>Chris Stevens: \u201cAn excellent, well researched and convincing read with copious references and follow up material. This book should be compulsory reading for all politicians, judges and police chiefs around the globe.\u201d<\/p>\n<p>Mr. S. K. Allison: \u201c Jeffrey Dhywood has done his research. My hope is that everyone will read this book and take action. \u201d<br \/>\nA.R.Torsone: \u201c I believe this book can change the world.\u201d<br \/>\nAlrey4la: \u201c I just wish policy-makers would put aside their moral posturing and take the time to read this thorough and rigorous treatise\u2026 I have read many books on the topic, but if I had to recommend only one, this would be it. \u201d<\/p>\n<p><a title=\"Readers reviews for World War-D\" href=\"http:\/\/www.world-war-d.com\/fr\/reviews\/readers-reviews\/\" target=\"_blank\">More readers reviews<\/a>:<\/p>\n<p><a title=\"Article de Wikip\u00e9dia sur Gustavo de Grieff\" href=\"http:\/\/en.wikipedia.org\/wiki\/Gustavo_de_Greiff\" target=\"_blank\">Gustavo de Grieff<\/a>\u00a0- a \u00e9t\u00e9 procureur g\u00e9n\u00e9ral de Colombie et a supervis\u00e9 la capture de Pablo Escobar et la reddition du cartel de Cali ;\u00a0<a title=\"Un article de DR de Grieff datant de janvier 2011\" href=\"http:\/\/www.eltiempo.com\/opinion\/columnistas\/otroscolumnistas\/ARTICULO-WEB-NEW_NOTA_INTERIOR-8794581.html\" target=\"_blank\">Gustavo de Grieff<\/a>\u00a0est l'un des rares fonctionnaires de haut niveau qui\u00a0<a href=\"http:\/\/worldwar-d.com\/WP\/?page_id=69\" target=\"_blank\">a appel\u00e9 \u00e0 la l\u00e9galisation pendant son mandat<\/a>: \u201cI find that you have written one of the best books on the drug problem that I have read (and I have read more than thirty books on that subject). For example, your history of prohibition in part 1 is without any doubt the best I have ever read.\u201d\u201cyour chapters on possible legalization and regulation and on your counter arguments against it are excellent and I subscribe to them entirely.\u201d<\/p>\n<p><a title=\"Page d&#039;accueil du LEAP\" href=\"http:\/\/www.leap.cc\/\" target=\"_blank\">LEAP<\/a>\u00a0fondateur et pr\u00e9sident,\u00a0<a title=\"Wikip\u00e9dia - Jack Cole\" href=\"http:\/\/en.wikipedia.org\/wiki\/Jack_A._Cole\" target=\"_blank\">Jack Cole<\/a>: \u201cIt is a very good read and already I can say a very important work. You did a fantastic job. It is up there with the very best drug policy books.\u201d<\/p>","protected":false},"excerpt":{"rendered":"<p>Get a flavor of World War-D when you download this 50 pages excerpt. * indicates required Name *\u00a0 Email *\u00a0 See what readers and drug policy experts are saying about World War-D: Chris Stevens: \u201cAn excellent, well researched and convincing read with copious references and follow up material. This book should be compulsory reading for &hellip; <a href=\"https:\/\/www.world-war-d.com\/fr\/free-42-pages-excerpts-mc\/\" class=\"more-link\">Continue reading<span class=\"screen-reader-text\"> &#8220;Free 50-pages excerpts&#8221;<\/span><\/a><\/p>","protected":false},"author":1,"featured_media":930,"parent":0,"menu_order":0,"comment_status":"open","ping_status":"open","template":"","meta":{"footnotes":""},"class_list":["post-913","page","type-page","status-publish","has-post-thumbnail","hentry"],"aioseo_notices":[],"jetpack_sharing_enabled":true,"_links":{"self":[{"href":"https:\/\/www.world-war-d.com\/fr\/wp-json\/wp\/v2\/pages\/913","targetHints":{"allow":["GET"]}}],"collection":[{"href":"https:\/\/www.world-war-d.com\/fr\/wp-json\/wp\/v2\/pages"}],"about":[{"href":"https:\/\/www.world-war-d.com\/fr\/wp-json\/wp\/v2\/types\/page"}],"author":[{"embeddable":true,"href":"https:\/\/www.world-war-d.com\/fr\/wp-json\/wp\/v2\/users\/1"}],"replies":[{"embeddable":true,"href":"https:\/\/www.world-war-d.com\/fr\/wp-json\/wp\/v2\/comments?post=913"}],"version-history":[{"count":23,"href":"https:\/\/www.world-war-d.com\/fr\/wp-json\/wp\/v2\/pages\/913\/revisions"}],"predecessor-version":[{"id":1721,"href":"https:\/\/www.world-war-d.com\/fr\/wp-json\/wp\/v2\/pages\/913\/revisions\/1721"}],"wp:featuredmedia":[{"embeddable":true,"href":"https:\/\/www.world-war-d.com\/fr\/wp-json\/wp\/v2\/media\/930"}],"wp:attachment":[{"href":"https:\/\/www.world-war-d.com\/fr\/wp-json\/wp\/v2\/media?parent=913"}],"curies":[{"name":"wp","href":"https:\/\/api.w.org\/{rel}","templated":true}]}}