{"id":8,"date":"2016-10-03T07:10:42","date_gmt":"2016-10-02T23:10:42","guid":{"rendered":"http:\/\/www.world-war-d.com\/?page_id=8"},"modified":"2016-10-27T23:04:16","modified_gmt":"2016-10-27T15:04:16","slug":"home","status":"publish","type":"page","link":"https:\/\/www.world-war-d.com\/fr\/","title":{"rendered":"Accueil"},"content":{"rendered":"<p><strong>De temps en temps, un livre vient changer notre fa\u00e7on de voir une question particuli\u00e8re.<\/strong><\/p>\n<p><iframe loading=\"lazy\" src=\"https:\/\/www.youtube.com\/embed\/kSsj2ct0o3s\" width=\"560\" height=\"315\" frameborder=\"0\" allowfullscreen=\"allowfullscreen\"><\/iframe><\/p>\n<p>\u201c<strong>Guerre mondiale-D<\/strong>\u201dIl change notre fa\u00e7on de penser la guerre contre la drogue, en la sortant du marasme id\u00e9ologique et moraliste dans lequel elle s'est enlis\u00e9e depuis le d\u00e9but, en renversant les choses - ou plut\u00f4t, en les remettant sur leurs pieds.<\/p>\n<div>\n<div style=\"float: left; width: 350px;\"><\/div>\n<div style=\"float: left; width: 230px;\">\n<figure id=\"attachment_138\" aria-describedby=\"caption-attachment-138\" style=\"width: 223px\" class=\"wp-caption alignnone\"><a href=\"http:\/\/www.world-war-d.com\/fr\/product\/world-war-d-the-case-against-prohibitionism-roadmap-to-controlled-re-legalization\/\"><img loading=\"lazy\" decoding=\"async\" class=\"wp-image-138\" title=\"Guerre mondiale - couverture\" src=\"http:\/\/www.world-war-d.com\/wp-content\/uploads\/2011\/11\/Fake-pic3-223x300.png\" alt=\"World War D \u2013 The Case against prohibitionism, roadmap to controlled re-legalization\" width=\"223\" height=\"300\" srcset=\"https:\/\/www.world-war-d.com\/wp-content\/uploads\/2011\/11\/Fake-pic3-223x300.png 223w, https:\/\/www.world-war-d.com\/wp-content\/uploads\/2011\/11\/Fake-pic3-110x148.png 110w, https:\/\/www.world-war-d.com\/wp-content\/uploads\/2011\/11\/Fake-pic3-23x31.png 23w, https:\/\/www.world-war-d.com\/wp-content\/uploads\/2011\/11\/Fake-pic3-28x38.png 28w, https:\/\/www.world-war-d.com\/wp-content\/uploads\/2011\/11\/Fake-pic3-160x215.png 160w, https:\/\/www.world-war-d.com\/wp-content\/uploads\/2011\/11\/Fake-pic3.png 238w\" sizes=\"auto, (max-width: 223px) 85vw, 223px\" \/><\/a><figcaption id=\"caption-attachment-138\" class=\"wp-caption-text\">Commander la guerre mondiale - D<\/figcaption><\/figure>\n<\/div>\n<\/div>\n<p>\u201c<strong>Guerre mondiale-D<\/strong>\u201drecentre et recentre le probl\u00e8me autour d'une question simple mais fondamentale : \u201cLes soci\u00e9t\u00e9s organis\u00e9es peuvent-elles mieux g\u00e9rer et contr\u00f4ler les substances psychoactives que le crime organis\u00e9 ? Je pense \u00e9videmment que oui, et j'explique pourquoi et comment.<\/p>\n<p>\u201c<strong>Guerre mondiale-D<\/strong>\u201dest le premier ouvrage \u00e0 pr\u00e9senter l'une des questions les plus controvers\u00e9es de notre \u00e9poque d'une mani\u00e8re compl\u00e8te et accessible, sans \u00eatre simpliste. Il examine toutes les facettes de la question d'un point de vue global, en la repla\u00e7ant dans le contexte plus large et plus pertinent des substances psychoactives.<\/p>\n<p>\u201c<strong>Guerre des drogues-D<\/strong>\u201dpropose une critique raisonn\u00e9e du mod\u00e8le prohibitionniste et de l'id\u00e9ologie qui le sous-tend, avec son contexte historique et culturel. Il d\u00e9montre clairement que la prohibition est la pire forme de contr\u00f4le possible, car les soi-disant \u201csubstances contr\u00f4l\u00e9es\u201d sont effectivement hors de contr\u00f4le, ou plut\u00f4t, elles sont contr\u00f4l\u00e9es par la p\u00e8gre, \u00e0 un co\u00fbt humain, social, \u00e9conomique et g\u00e9opolitique stup\u00e9fiant et sans cesse croissant pour le monde.<\/p>\n<p>\u201c<strong>Guerre des drogues-D<\/strong>\u201dC'est le premier livre qui aborde de front la question de la l\u00e9galisation, en proposant une feuille de route pragmatique, pratique et r\u00e9aliste pour une re-l\u00e9galisation globale et contr\u00f4l\u00e9e de la production, de la distribution et de l'usage des substances psychoactives dans le cadre d'un r\u00e9gime \u00e0 plusieurs niveaux \u201cl\u00e9galiser, taxer, contr\u00f4ler, pr\u00e9venir, traiter et \u00e9duquer\u201d, avec des m\u00e9canismes pratiques et efficaces pour g\u00e9rer et minimiser les co\u00fbts soci\u00e9taux. Loin d'\u00eatre un renoncement et loin d'\u00eatre une approbation, la l\u00e9galisation contr\u00f4l\u00e9e serait enfin une croissance, un r\u00e9alisme au lieu d'un d\u00e9ni, un contr\u00f4le au lieu de laisser le contr\u00f4le \u00e0 la p\u00e8gre. Elle abolirait le r\u00e9gime actuel de socialisation des co\u00fbts et de privatisation des profits des entreprises criminelles, les privant ainsi de leur principale source de revenus et rendant notre monde plus s\u00fbr.<\/p>\n<p>102 ans apr\u00e8s le lancement de la prohibition mondiale des drogues, 40 ans apr\u00e8s la d\u00e9claration officielle de la guerre contre la drogue, un an avant les \u00e9lections pr\u00e9sidentielles mexicaines et am\u00e9ricaines o\u00f9 le d\u00e9bat sur la l\u00e9galisation sera l'un des principaux enjeux, \u201cWorld War D\u201d arrive \u00e0 point nomm\u00e9 et n'a que trop tard\u00e9, car son sujet passe rapidement de la folie marginale au courant dominant. L'\u00e9chec de la guerre contre la drogue est d\u00e9nonc\u00e9 par tous, des groupes religieux aux forces de l'ordre \u00e0 la retraite, en passant par la NAACP, Kofi Annan, George Shultz, Paul Volcker et toute une s\u00e9rie d'anciens chefs d'\u00c9tat d'Am\u00e9rique latine et d'Europe.<\/p>\n<p>L'ouvrage est destin\u00e9 \u00e0 un public international et se veut une contribution majeure au d\u00e9bat sur la lutte contre la drogue.<\/p>\n<h2>\u00a0D\u00e9tails du produit<\/h2>\n<ul>\n<li>448 pages - format : 6\u00d79<\/li>\n<li><strong>\u00c9diteur :<\/strong>\u00a0Columbia Communications Inc ; Premi\u00e8re \u00e9dition (24 octobre 2011)<\/li>\n<li><strong>Langue :<\/strong>\u00a0Anglais<\/li>\n<li><strong>ISBN :<\/strong><\/li>\n<li><strong>Livre de poche :<\/strong>\u00a0978-0984690404<\/li>\n<li><strong>\u00c9dition Kindle :<\/strong> 978-0-9846904-1-1 - <strong>ASIN<\/strong>: B005XH20CQ (Amazon)<\/li>\n<li><strong>Edition Epub\/Nook : <\/strong>978-0-9846904-2-8<\/li>\n<li><strong>\u00e9dition PDF : <\/strong>978-0-9846904-3-5<\/li>\n<\/ul>\n<h1><strong>Critiques et commentaires sur \u201cWorld War-D\u201d<br \/>\n<\/strong><\/h1>\n<p><a title=\"Article de Wikip\u00e9dia sur Gustavo de Grieff\" href=\"http:\/\/en.wikipedia.org\/wiki\/Gustavo_de_Greiff\" target=\"_blank\">Gustavo de Grieff<\/a>\u00a0- a \u00e9t\u00e9 procureur g\u00e9n\u00e9ral de Colombie et a supervis\u00e9 la capture de Pablo Escobar et la reddition du cartel de Cali ;\u00a0<a title=\"Un article de DR de Grieff datant de janvier 2011\" href=\"http:\/\/www.eltiempo.com\/opinion\/columnistas\/otroscolumnistas\/ARTICULO-WEB-NEW_NOTA_INTERIOR-8794581.html\" target=\"_blank\">Gustavo de Grieff<\/a>\u00a0est l'un des rares fonctionnaires de haut niveau qui\u00a0<a href=\"http:\/\/worldwar-d.com\/WP\/?page_id=69\" target=\"_blank\">a appel\u00e9 \u00e0 la l\u00e9galisation pendant son mandat<\/a>:<\/p>\n<blockquote><p>Je trouve que vous avez \u00e9crit l'un des meilleurs livres sur le probl\u00e8me des drogues que j'ai lu (et j'ai lu plus de trente livres sur ce sujet). Par exemple, votre histoire de la prohibition dans la premi\u00e8re partie est sans aucun doute la meilleure que j'aie jamais lue\u201d \u201cvos chapitres sur la l\u00e9galisation et la r\u00e9glementation possibles et sur vos contre-arguments sont excellents et j'y souscris enti\u00e8rement\" \"les chapitres sur la l\u00e9galisation et la r\u00e9glementation possibles et sur vos contre-arguments sont excellents et j'y souscris enti\u00e8rement\".<\/p><\/blockquote>\n<p><a title=\"Page d&#039;accueil du LEAP\" href=\"http:\/\/www.leap.cc\/\" target=\"_blank\">LEAP<\/a>\u00a0fondateur et pr\u00e9sident,\u00a0<a title=\"Wikip\u00e9dia - Jack Cole\" href=\"http:\/\/en.wikipedia.org\/wiki\/Jack_A._Cole\" target=\"_blank\">Jack Cole<\/a>:<\/p>\n<blockquote><p>C'est une tr\u00e8s bonne lecture et je peux d\u00e9j\u00e0 dire qu'il s'agit d'un travail tr\u00e8s important. Vous avez fait un travail fantastique. Il se situe au m\u00eame niveau que les meilleurs livres sur la politique en mati\u00e8re de drogues.<\/p><\/blockquote>\n<p><a title=\"Page Facebook de Arthur Torsone\" href=\"http:\/\/www.facebook.com\/a.r.torsone\" target=\"_blank\">Arthur Torsone<\/a>, auteur de\u00a0<a title=\"Marchand d&#039;herbes \" href=\"http:\/\/www.herbtraderbook.com\/\" target=\"_blank\">\u201cMarchand d'herbes\u201d<\/a>:<\/p>\n<blockquote><p>Je pense que votre livre sera extr\u00eamement utile \u00e0 ceux qui ont le pouvoir d'inverser les lois draconiennes sur les drogues. J'esp\u00e8re que votre livre sera une feuille de route vers une conclusion saine.<\/p>\n<p>Lorsque les dirigeants de notre pays \u00e9changeront \u00e9ventuellement des prisons contre des cliniques m\u00e9dicales, le livre biblique qui sera utilis\u00e9 pour \u00c9DUQUER le citoyen qui a besoin d'aide devrait \u00eatre votre livre. Il montre comment et pourquoi nous, les humains, r\u00e9agissons comme nous le faisons aux substances ext\u00e9rieures.<\/p>\n<p>Je suis encore \u00e9poustoufl\u00e9 par l'incroyable quantit\u00e9 d'informations d\u00e9taill\u00e9es que vous poss\u00e9dez, c'est une \u0153uvre litt\u00e9raire extraordinaire que vous avez l\u00e0, f\u00e9licitations.<\/p><\/blockquote>\n<p>Santiago Roel, consultant en pr\u00e9vention du crime, pionnier des r\u00e9formes gouvernementales au Mexique depuis 1991. Auteur, conf\u00e9rencier - <a href=\"http:\/\/www.prominix.com\/\" target=\"_blank\">www.prominix.com<\/a>:<\/p>\n<blockquote><p>Il s'agit d'une compilation compl\u00e8te et bien document\u00e9e, d'une vue d'ensemble de toutes les questions relatives \u00e0 la guerre contre les drogues, au prohibitionnisme et aux substances psychoactives. Il propose un argumentaire m\u00e9thodique, bien argument\u00e9 et convaincant contre le prohibitionnisme et une feuille de route r\u00e9aliste et pragmatique pour une l\u00e9galisation mondiale. Toute personne r\u00e9ellement int\u00e9ress\u00e9e par la compr\u00e9hension de cette guerre rat\u00e9e et de son impact n\u00e9gatif sur le monde devrait commencer par lire ce livre.<\/p><\/blockquote>\n<p>John P., typographe, pendant qu'il travaille \u00e0 la mise en page du livre :<\/p>\n<blockquote><p>\u201cJe suis assez \u00e9tonn\u00e9 par le contenu des articles que je lis ; c'est impressionnant. Il n'y a rien de tel \u00e0 l'ext\u00e9rieur\u201d.\u201d<\/p><\/blockquote>\n<p>Alors que je travaillais sur mon projet en novembre 2010, j'ai pris contact avec d'anciens membres de la Commission europ\u00e9enne.\u00a0<a title=\"Office des Nations unies contre la drogue et le crime\" href=\"http:\/\/www.unodc.org\/\" target=\"_blank\">ONUDC<\/a>\u00a0chef <a title=\"Antonio Maria Costa\" href=\"http:\/\/en.wikipedia.org\/wiki\/Antonio_Maria_Costa\" target=\"_blank\">Antonio Maria Costa<\/a>. Vous trouverez ci-dessous quelques-unes des r\u00e9ponses de M. Costa \u00e0 mon courrier :<\/p>\n<blockquote><p>Je ne comprends pas cette insistance sur la \u201cguerre contre la drogue\u201d. Je n'ai jamais utilis\u00e9 ce terme. Les Nations unies n'ont jamais utilis\u00e9 ce terme. Je crains qu'il ne soit utilis\u00e9 pour masquer d'autres objectifs. Les drogues ont \u00e9t\u00e9 interdites par les \u00c9tats membres parce qu'elles sont dangereuses, elles ne sont pas dangereuses parce qu'elles sont interdites.<\/p>\n<p>Si vous pensez qu'une sorte de l\u00e9galisation des drogues (quelle qu'en soit la forme) serait la bonne r\u00e9ponse - eh bien, je crains que cela ne soit dangereusement na\u00eff. En d'autres termes, si c'est la r\u00e9ponse que vous souhaitez recevoir, je dois conclure que les questions que vous avez soulev\u00e9es sont un peu plus compliqu\u00e9es que vous ne semblez le croire.<\/p><\/blockquote>\n<p>Lorsque je lui ai demand\u00e9 sa r\u00e9action \u00e0 la Global Drug Policy Commission, qui compte parmi ses membres Kofi Annan, qui \u00e9tait secr\u00e9taire g\u00e9n\u00e9ral des Nations unies lorsque M. Costa \u00e9tait directeur de l'ONUDC, je lui ai r\u00e9pondu qu'il n'y avait pas de raison de s'inqui\u00e9ter :<\/p>\n<blockquote><p>Le seul d\u00e9nominateur commun entre eux est \u201cancien\u201d. Quel est le probl\u00e8me avec les personnes qui, lorsqu'elles sont en fonction, disent une chose et qui, lorsqu'elles ne sont plus en fonction, disent son contraire ?<\/p><\/blockquote>\n<p>Dans \u201cWorld War-D\u201d, j'essaie de comprendre d'o\u00f9 viennent ces attitudes, comment nous en sommes arriv\u00e9s l\u00e0, comment nous en sommes encore l\u00e0 apr\u00e8s tant d'ann\u00e9es d'\u00e9checs sans espoir, comment nous pouvons acc\u00e9l\u00e9rer le passage au-del\u00e0 de ces attitudes.<\/p>\n<div id=\"goodreads-widget\">\n<div id=\"gr_header\">\n<h1><a href=\"http:\/\/www.goodreads.com\/book\/show\/15768202-world-war-d-the-case-against-prohibitionism-roadmap-to-controlled-re-l\">Goodreads reviews for World War D. The Case against prohibitionism, roadmap to controlled re-legalization (La guerre mondiale D. Les arguments contre le prohibitionnisme, la feuille de route pour une re-l\u00e9galisation contr\u00f4l\u00e9e)<\/a><\/h1>\n<\/div>\n<p><iframe loading=\"lazy\" id=\"the_iframe\" src=\"http:\/\/www.goodreads.com\/api\/reviews_widget_iframe?did=DEVELOPER_ID&amp;format=html&amp;header_text=Goodreads+reviews+for+World+War+D.+The+Case+against+prohibitionism%2C+roadmap+to+controlled+re-legalization&amp;isbn=0984690409&amp;links=660&amp;min_rating=1&amp;num_reviews=5&amp;review_back=ffffff&amp;stars=000000&amp;stylesheet=&amp;text=444\" width=\"575\" height=\"400\" frameborder=\"0\"><\/iframe><\/p>\n<div id=\"gr_footer\"><a class=\"gr_branding\" href=\"http:\/\/www.goodreads.com\/book\/show\/15768202-world-war-d-the-case-against-prohibitionism-roadmap-to-controlled-re-l?utm_medium=api&amp;utm_source=reviews_widget\" target=\"_blank\">Critiques de Goodreads.com<\/a><\/div>\n<\/div>\n<p><object id=\"Player_cd2a0293-da57-4d35-97bd-27faf8e867a6\" width=\"500px\" height=\"175px\" classid=\"clsid:d27cdb6e-ae6d-11cf-96b8-444553540000\" codebase=\"http:\/\/download.macromedia.com\/pub\/shockwave\/cabs\/flash\/swflash.cab#version=6,0,40,0\" align=\"middle\"><param name=\"quality\" value=\"high\" \/><param name=\"allowscriptaccess\" value=\"always\" \/><param name=\"src\" value=\"http:\/\/ws.amazon.com\/widgets\/q?rt=tf_cw&amp;ServiceVersion=20070822&amp;MarketPlace=US&amp;ID=V20070822%2FUS%2Fwowad-20%2F8010%2Fcd2a0293-da57-4d35-97bd-27faf8e867a6&amp;Operation=GetDisplayTemplate\" \/><\/object><\/p>\n<p><noscript><a href=\"http:\/\/ws.amazon.com\/widgets\/q?rt=tf_cw&#038;ServiceVersion=20070822&#038;MarketPlace=US&#038;ID=V20070822%2FUS%2Fwowad-20%2F8010%2Fcd2a0293-da57-4d35-97bd-27faf8e867a6&#038;Operation=NoScript\">Widgets Amazon.com<\/a><\/noscript><a href=\"\/fr\/\u201dhttps:\/\/plus.google.com\/107607532551257802401\/?rel=author\u201d\">Google<\/a><\/p>","protected":false},"excerpt":{"rendered":"<p>Once in a long while comes a book that changes the way we look at a particular issue. \u201cWorld War-D\u201d aspires to be such a book; it changes the way we think about the war on drugs, pulling it out of the ideological and moralist morass where it has been enmeshed from the onset, turning &hellip; <a href=\"https:\/\/www.world-war-d.com\/fr\/\" class=\"more-link\">Continue reading<span class=\"screen-reader-text\"> &#8220;Home&#8221;<\/span><\/a><\/p>","protected":false},"author":1,"featured_media":242,"parent":0,"menu_order":0,"comment_status":"open","ping_status":"closed","template":"","meta":{"footnotes":""},"class_list":["post-8","page","type-page","status-publish","has-post-thumbnail","hentry"],"aioseo_notices":[],"jetpack_sharing_enabled":true,"_links":{"self":[{"href":"https:\/\/www.world-war-d.com\/fr\/wp-json\/wp\/v2\/pages\/8","targetHints":{"allow":["GET"]}}],"collection":[{"href":"https:\/\/www.world-war-d.com\/fr\/wp-json\/wp\/v2\/pages"}],"about":[{"href":"https:\/\/www.world-war-d.com\/fr\/wp-json\/wp\/v2\/types\/page"}],"author":[{"embeddable":true,"href":"https:\/\/www.world-war-d.com\/fr\/wp-json\/wp\/v2\/users\/1"}],"replies":[{"embeddable":true,"href":"https:\/\/www.world-war-d.com\/fr\/wp-json\/wp\/v2\/comments?post=8"}],"version-history":[{"count":133,"href":"https:\/\/www.world-war-d.com\/fr\/wp-json\/wp\/v2\/pages\/8\/revisions"}],"predecessor-version":[{"id":1890,"href":"https:\/\/www.world-war-d.com\/fr\/wp-json\/wp\/v2\/pages\/8\/revisions\/1890"}],"wp:featuredmedia":[{"embeddable":true,"href":"https:\/\/www.world-war-d.com\/fr\/wp-json\/wp\/v2\/media\/242"}],"wp:attachment":[{"href":"https:\/\/www.world-war-d.com\/fr\/wp-json\/wp\/v2\/media?parent=8"}],"curies":[{"name":"wp","href":"https:\/\/api.w.org\/{rel}","templated":true}]}}