{"id":1041,"date":"2012-09-29T07:05:37","date_gmt":"2012-09-28T23:05:37","guid":{"rendered":"http:\/\/www.world-war-d.com\/?page_id=1041"},"modified":"2012-09-29T07:29:35","modified_gmt":"2012-09-28T23:29:35","slug":"experts-reviews","status":"publish","type":"page","link":"https:\/\/www.world-war-d.com\/fr\/reviews\/experts-reviews\/","title":{"rendered":"Avis d'experts"},"content":{"rendered":"<h2>What the drug policy experts say about World War-D<\/h2>\n<p>Major Neill Franklin &#8211; Executive Director, <a title=\"Law Enforcement against prohibition\" href=\"http:\/\/www.leap.cc\/\" target=\"_blank\">Law Enforcement Against Prohibition<\/a> (posted on Amazon: <a href=\"http:\/\/www.amazon.com\/dp\/0984690409\/\">http:\/\/www.amazon.com\/dp\/0984690409\/<\/a>)<\/p>\n<blockquote><p>For years there has been a call for a war against the &#8220;War On Drugs,&#8221; from here on known as &#8220;World War D.&#8221; With the writing of this book by Jeffrey Dhywood, a frontal assault has been launched.<\/p>\n<p>World war D has progressed for so long, now over four decades, it has infiltrated many areas of society and literally touches the lives of everyone. Many books have been written in an attempt to portray its many far reaching tentacles and the devastating effects, but few have been successful in communicating a comprehensive view, &#8220;World War D&#8221; does. Not only does this book cover the history and disastrous effects, it addresses post drug war scenarios, strategies, pros and cons. Dhywood&#8217;s book presents considerable scientific information and data establishing a foundation on which its readers can formulate a reasonable conclusion regarding the Drug War&#8217;s success or failure.<\/p>\n<p>From prohibition intricacies, to federal implications (CIA, DEA, etc.), to individual drugs (legal and illegal) and their properties, to societal cost, to international challenges, decriminalization vs. legalization, to under age use and abuse, Dhywood has covered the bases. Whether interested in this topic of drug policy or not, this is a must read for every person who has concern for his\/her community. The vast majority of US citizens vehemently believe that the drug war has failed. &#8220;World War D&#8221; is a critical document for determining our new path as a nation and beyond.<\/p><\/blockquote>\n<p><a title=\"Article de Wikip\u00e9dia sur Gustavo de Grieff\" href=\"http:\/\/en.wikipedia.org\/wiki\/Gustavo_de_Greiff\" target=\"_blank\">Gustavo de Grieff<\/a>\u00a0- a \u00e9t\u00e9 procureur g\u00e9n\u00e9ral de Colombie et a supervis\u00e9 la capture de Pablo Escobar et la reddition du cartel de Cali ;\u00a0<a title=\"Un article de DR de Grieff datant de janvier 2011\" href=\"http:\/\/www.eltiempo.com\/opinion\/columnistas\/otroscolumnistas\/ARTICULO-WEB-NEW_NOTA_INTERIOR-8794581.html\" target=\"_blank\">Gustavo de Grieff<\/a>\u00a0est l'un des rares fonctionnaires de haut niveau qui\u00a0<a href=\"http:\/\/worldwar-d.com\/WP\/?page_id=69\" target=\"_blank\">a appel\u00e9 \u00e0 la l\u00e9galisation pendant son mandat<\/a>:<\/p>\n<blockquote><p>Je trouve que vous avez \u00e9crit l'un des meilleurs livres sur le probl\u00e8me des drogues que j'ai lu (et j'ai lu plus de trente livres sur ce sujet). Par exemple, votre histoire de la prohibition dans la premi\u00e8re partie est sans aucun doute la meilleure que j'aie jamais lue\u201d \u201cvos chapitres sur la l\u00e9galisation et la r\u00e9glementation possibles et sur vos contre-arguments sont excellents et j'y souscris enti\u00e8rement\" \"les chapitres sur la l\u00e9galisation et la r\u00e9glementation possibles et sur vos contre-arguments sont excellents et j'y souscris enti\u00e8rement\".<\/p><\/blockquote>\n<p><a title=\"Page d&#039;accueil du LEAP\" href=\"http:\/\/www.leap.cc\/\" target=\"_blank\">LEAP<\/a>\u00a0fondateur et pr\u00e9sident,\u00a0<a title=\"Wikip\u00e9dia - Jack Cole\" href=\"http:\/\/en.wikipedia.org\/wiki\/Jack_A._Cole\" target=\"_blank\">Jack Cole<\/a>:<\/p>\n<blockquote><p>C'est une tr\u00e8s bonne lecture et je peux d\u00e9j\u00e0 dire qu'il s'agit d'un travail tr\u00e8s important. Vous avez fait un travail fantastique. Il se situe au m\u00eame niveau que les meilleurs livres sur la politique en mati\u00e8re de drogues.<\/p><\/blockquote>\n<p><a title=\"Page Facebook de Arthur Torsone\" href=\"http:\/\/www.facebook.com\/a.r.torsone\" target=\"_blank\">Arthur Torsone<\/a>, auteur de\u00a0<a title=\"Marchand d&#039;herbes \" href=\"http:\/\/www.herbtraderbook.com\/\" target=\"_blank\">\u201cMarchand d'herbes\u201d<\/a>:<\/p>\n<blockquote><p>Je pense que votre livre sera extr\u00eamement utile \u00e0 ceux qui ont le pouvoir d'inverser les lois draconiennes sur les drogues. J'esp\u00e8re que votre livre sera une feuille de route vers une conclusion saine.<\/p>\n<p>Lorsque les dirigeants de notre pays \u00e9changeront \u00e9ventuellement des prisons contre des cliniques m\u00e9dicales, le livre biblique qui sera utilis\u00e9 pour \u00c9DUQUER le citoyen qui a besoin d'aide devrait \u00eatre votre livre. Il montre comment et pourquoi nous, les humains, r\u00e9agissons comme nous le faisons aux substances ext\u00e9rieures.<\/p>\n<p>Je suis encore \u00e9poustoufl\u00e9 par l'incroyable quantit\u00e9 d'informations d\u00e9taill\u00e9es que vous poss\u00e9dez, c'est une \u0153uvre litt\u00e9raire extraordinaire que vous avez l\u00e0, f\u00e9licitations.<\/p><\/blockquote>\n<p>Santiago Roel, Crime Prevention consultant pioneering government reform in Mexico since 1991. Author, lecturer \u2013 <a href=\"http:\/\/www.prominix.com\/\" target=\"_blank\">www.prominix.com<\/a>:<\/p>\n<blockquote><p>Il s'agit d'une compilation compl\u00e8te et bien document\u00e9e, d'une vue d'ensemble de toutes les questions relatives \u00e0 la guerre contre les drogues, au prohibitionnisme et aux substances psychoactives. Il propose un argumentaire m\u00e9thodique, bien argument\u00e9 et convaincant contre le prohibitionnisme et une feuille de route r\u00e9aliste et pragmatique pour une l\u00e9galisation mondiale. Toute personne r\u00e9ellement int\u00e9ress\u00e9e par la compr\u00e9hension de cette guerre rat\u00e9e et de son impact n\u00e9gatif sur le monde devrait commencer par lire ce livre.<\/p><\/blockquote>\n<p>John P., typographe, pendant qu'il travaille \u00e0 la mise en page du livre :<\/p>\n<blockquote><p>\u201cJe suis assez \u00e9tonn\u00e9 par le contenu des articles que je lis ; c'est impressionnant. Il n'y a rien de tel \u00e0 l'ext\u00e9rieur\u201d.\u201d<\/p><\/blockquote>\n<p>Alors que je travaillais sur mon projet en novembre 2010, j'ai pris contact avec d'anciens membres de la Commission europ\u00e9enne.\u00a0<a title=\"Office des Nations unies contre la drogue et le crime\" href=\"http:\/\/www.unodc.org\/\" target=\"_blank\">ONUDC<\/a>\u00a0chef <a title=\"Antonio Maria Costa\" href=\"http:\/\/en.wikipedia.org\/wiki\/Antonio_Maria_Costa\" target=\"_blank\">Antonio Maria Costa<\/a>. Vous trouverez ci-dessous quelques-unes des r\u00e9ponses de M. Costa \u00e0 mon courrier :<\/p>\n<blockquote><p>Je ne comprends pas cette insistance sur la \u201cguerre contre la drogue\u201d. Je n'ai jamais utilis\u00e9 ce terme. Les Nations unies n'ont jamais utilis\u00e9 ce terme. Je crains qu'il ne soit utilis\u00e9 pour masquer d'autres objectifs. Les drogues ont \u00e9t\u00e9 interdites par les \u00c9tats membres parce qu'elles sont dangereuses, elles ne sont pas dangereuses parce qu'elles sont interdites.<\/p>\n<p>Si vous pensez qu'une sorte de l\u00e9galisation des drogues (quelle qu'en soit la forme) serait la bonne r\u00e9ponse - eh bien, je crains que cela ne soit dangereusement na\u00eff. En d'autres termes, si c'est la r\u00e9ponse que vous souhaitez recevoir, je dois conclure que les questions que vous avez soulev\u00e9es sont un peu plus compliqu\u00e9es que vous ne semblez le croire.<\/p><\/blockquote>\n<p>Lorsque je lui ai demand\u00e9 sa r\u00e9action \u00e0 la Global Drug Policy Commission, qui compte parmi ses membres Kofi Annan, qui \u00e9tait secr\u00e9taire g\u00e9n\u00e9ral des Nations unies lorsque M. Costa \u00e9tait directeur de l'ONUDC, je lui ai r\u00e9pondu qu'il n'y avait pas de raison de s'inqui\u00e9ter :<\/p>\n<blockquote><p>Le seul d\u00e9nominateur commun entre eux est \u201cancien\u201d. Quel est le probl\u00e8me avec les personnes qui, lorsqu'elles sont en fonction, disent une chose et qui, lorsqu'elles ne sont plus en fonction, disent son contraire ?<\/p><\/blockquote>\n<p>Dans \u201cWorld War-D\u201d, j'essaie de comprendre d'o\u00f9 viennent ces attitudes, comment nous en sommes arriv\u00e9s l\u00e0, comment nous en sommes encore l\u00e0 apr\u00e8s tant d'ann\u00e9es d'\u00e9checs sans espoir, comment nous pouvons acc\u00e9l\u00e9rer le passage au-del\u00e0 de ces attitudes.<\/p>","protected":false},"excerpt":{"rendered":"<p>What the drug policy experts say about World War-D Major Neill Franklin &#8211; Executive Director, Law Enforcement Against Prohibition (posted on Amazon: http:\/\/www.amazon.com\/dp\/0984690409\/) For years there has been a call for a war against the &#8220;War On Drugs,&#8221; from here on known as &#8220;World War D.&#8221; With the writing of this book by Jeffrey Dhywood, &hellip; <a href=\"https:\/\/www.world-war-d.com\/fr\/reviews\/experts-reviews\/\" class=\"more-link\">Continue reading<span class=\"screen-reader-text\"> &#8220;Experts reviews&#8221;<\/span><\/a><\/p>","protected":false},"author":1,"featured_media":0,"parent":27,"menu_order":0,"comment_status":"open","ping_status":"open","template":"","meta":{"footnotes":""},"class_list":["post-1041","page","type-page","status-publish","hentry"],"aioseo_notices":[],"jetpack_sharing_enabled":true,"_links":{"self":[{"href":"https:\/\/www.world-war-d.com\/fr\/wp-json\/wp\/v2\/pages\/1041","targetHints":{"allow":["GET"]}}],"collection":[{"href":"https:\/\/www.world-war-d.com\/fr\/wp-json\/wp\/v2\/pages"}],"about":[{"href":"https:\/\/www.world-war-d.com\/fr\/wp-json\/wp\/v2\/types\/page"}],"author":[{"embeddable":true,"href":"https:\/\/www.world-war-d.com\/fr\/wp-json\/wp\/v2\/users\/1"}],"replies":[{"embeddable":true,"href":"https:\/\/www.world-war-d.com\/fr\/wp-json\/wp\/v2\/comments?post=1041"}],"version-history":[{"count":4,"href":"https:\/\/www.world-war-d.com\/fr\/wp-json\/wp\/v2\/pages\/1041\/revisions"}],"predecessor-version":[{"id":1045,"href":"https:\/\/www.world-war-d.com\/fr\/wp-json\/wp\/v2\/pages\/1041\/revisions\/1045"}],"up":[{"embeddable":true,"href":"https:\/\/www.world-war-d.com\/fr\/wp-json\/wp\/v2\/pages\/27"}],"wp:attachment":[{"href":"https:\/\/www.world-war-d.com\/fr\/wp-json\/wp\/v2\/media?parent=1041"}],"curies":[{"name":"wp","href":"https:\/\/api.w.org\/{rel}","templated":true}]}}